{"id":71810,"date":"2024-08-05T14:46:43","date_gmt":"2024-08-05T12:46:43","guid":{"rendered":"https:\/\/awap-am.ch\/services\/education\/"},"modified":"2026-02-06T11:32:16","modified_gmt":"2026-02-06T10:32:16","slug":"education","status":"publish","type":"page","link":"https:\/\/awap-am.ch\/en\/services\/education\/","title":{"rendered":"Education"},"content":{"rendered":"<p>[et_pb_section fb_built=&#8221;1&#8243; fullwidth=&#8221;on&#8221; admin_label=&#8221;Page Header&#8221; _builder_version=&#8221;4.25.2&#8243; use_background_color_gradient=&#8221;on&#8221; background_color_gradient_stops=&#8221;gcid-e45e523f-b3eb-46a8-a0ed-a18936d5709c 0%|gcid-e45e523f-b3eb-46a8-a0ed-a18936d5709c 100%&#8221; background_color_gradient_overlays_image=&#8221;on&#8221; background_image=&#8221;https:\/\/awap-am.ch\/wp-content\/uploads\/2024\/08\/real-estate-09-1024&#215;648-1.jpg&#8221; parallax=&#8221;on&#8221; global_colors_info=&#8221;{%22gcid-e45e523f-b3eb-46a8-a0ed-a18936d5709c%22:%91%22background_color_gradient_stops%22%93}&#8221;][et_pb_fullwidth_header title=&#8221;@ET-DC@eyJkeW5hbWljIjp0cnVlLCJjb250ZW50IjoicG9zdF90aXRsZSIsInNldHRpbmdzIjp7ImJlZm9yZSI6IiIsImFmdGVyIjoiIn19@&#8221; admin_label=&#8221;Hero Section&#8221; _builder_version=&#8221;4.25.2&#8243; _dynamic_attributes=&#8221;title&#8221; _module_preset=&#8221;d1e1bc26-f426-400d-b824-1005f0b3f525&#8243; button_one_text_color_hover=&#8221;#6eba01&#8243; button_two_text_color_hover=&#8221;#6eba01&#8243; button_one_border_color_hover=&#8221;#ffffff&#8221; button_two_border_color_hover=&#8221;#ffffff&#8221; button_one_border_radius_hover=&#8221;0&#8243; button_two_border_radius_hover=&#8221;0&#8243; button_one_letter_spacing_hover=&#8221;2&#8243; button_two_letter_spacing_hover=&#8221;2&#8243; button_one_bg_color_hover=&#8221;#ffffff&#8221; button_two_bg_color_hover=&#8221;#ffffff&#8221; global_colors_info=&#8221;{}&#8221;][\/et_pb_fullwidth_header][\/et_pb_section][et_pb_section fb_built=&#8221;1&#8243; _builder_version=&#8221;4.25.2&#8243; _module_preset=&#8221;default&#8221; global_colors_info=&#8221;{}&#8221;][et_pb_row column_structure=&#8221;1_2,1_2&#8243; _builder_version=&#8221;4.25.2&#8243; _module_preset=&#8221;default&#8221; global_colors_info=&#8221;{}&#8221;][et_pb_column type=&#8221;1_2&#8243; _builder_version=&#8221;4.25.2&#8243; _module_preset=&#8221;default&#8221; global_colors_info=&#8221;{}&#8221;][et_pb_text _builder_version=&#8221;4.25.2&#8243; _module_preset=&#8221;312c2ad8-2ef1-48c0-afca-308a58d4df97&#8243; hover_enabled=&#8221;0&#8243; global_colors_info=&#8221;{}&#8221; sticky_enabled=&#8221;0&#8243;]At AAM, we believe that financial education is an essential pillar of success. We are committed to providing you with the knowledge and tools needed to make informed decisions:[\/et_pb_text][et_pb_button button_url=&#8221;@ET-DC@eyJkeW5hbWljIjp0cnVlLCJjb250ZW50IjoicG9zdF9saW5rX3VybF9wYWdlIiwic2V0dGluZ3MiOnsicG9zdF9pZCI6IjQ1In19@&#8221; button_text=&#8221;Contact us&#8221; button_alignment=&#8221;left&#8221; _builder_version=&#8221;4.25.2&#8243; _dynamic_attributes=&#8221;button_url&#8221; _module_preset=&#8221;default&#8221; custom_button=&#8221;on&#8221; button_text_size=&#8221;16px&#8221; button_text_color=&#8221;#096591&#8243; button_border_radius=&#8221;0px&#8221; button_letter_spacing=&#8221;3px&#8221; button_font=&#8221;Inter|||on|||||&#8221; button_use_icon=&#8221;off&#8221; hover_enabled=&#8221;0&#8243; global_colors_info=&#8221;{}&#8221; button_bg_color__hover_enabled=&#8221;on|desktop&#8221; button_bg_color__hover=&#8221;#096591&#8243; button_bg_enable_color__hover=&#8221;on&#8221; button_text_color__hover_enabled=&#8221;on|desktop&#8221; button_text_color__hover=&#8221;#FFFFFF&#8221; sticky_enabled=&#8221;0&#8243;][\/et_pb_button][\/et_pb_column][et_pb_column type=&#8221;1_2&#8243; _builder_version=&#8221;4.25.2&#8243; _module_preset=&#8221;default&#8221; global_colors_info=&#8221;{}&#8221;][et_pb_toggle title=&#8221;Workshops and seminars&#8221; open_toggle_text_color=&#8221;#000000&#8243; closed_toggle_background_color=&#8221;RGBA(255,255,255,0)&#8221; icon_color=&#8221;#096591&#8243; toggle_icon=&#8221;&#x4c;||divi||400&#8243; use_icon_font_size=&#8221;on&#8221; icon_font_size=&#8221;30px&#8221; open_icon_color=&#8221;#096591&#8243; open_toggle_icon=&#8221;&#x4b;||divi||400&#8243; open_use_icon_font_size=&#8221;on&#8221; open_icon_font_size=&#8221;30px&#8221; _builder_version=&#8221;4.25.2&#8243; _module_preset=&#8221;default&#8221; title_text_color=&#8221;#000000&#8243; title_level=&#8221;h3&#8243; body_text_color=&#8221;gcid-53054839-b83d-4ef0-8659-8a010e6148fd&#8221; body_font_size=&#8221;16px&#8221; custom_margin=&#8221;||0px||false|false&#8221; custom_padding=&#8221;|0px||0px|false|true&#8221; hover_enabled=&#8221;0&#8243; border_width_all=&#8221;0px&#8221; border_width_bottom=&#8221;2px&#8221; border_color_bottom=&#8221;#096591&#8243; global_colors_info=&#8221;{%22gcid-53054839-b83d-4ef0-8659-8a010e6148fd%22:%91%22body_text_color%22%93}&#8221; sticky_enabled=&#8221;0&#8243;]We regularly organize workshops and seminars on key financial topics, tailored to different levels of knowledge.<br \/>\n[\/et_pb_toggle][et_pb_toggle title=&#8221;Online resources&#8221; open_toggle_text_color=&#8221;#000000&#8243; closed_toggle_background_color=&#8221;RGBA(255,255,255,0)&#8221; icon_color=&#8221;#096591&#8243; toggle_icon=&#8221;&#x4c;||divi||400&#8243; use_icon_font_size=&#8221;on&#8221; icon_font_size=&#8221;30px&#8221; open_icon_color=&#8221;#096591&#8243; open_toggle_icon=&#8221;&#x4b;||divi||400&#8243; open_use_icon_font_size=&#8221;on&#8221; open_icon_font_size=&#8221;30px&#8221; _builder_version=&#8221;4.25.2&#8243; _module_preset=&#8221;default&#8221; title_text_color=&#8221;#000000&#8243; title_level=&#8221;h3&#8243; body_text_color=&#8221;gcid-53054839-b83d-4ef0-8659-8a010e6148fd&#8221; body_font_size=&#8221;16px&#8221; custom_margin=&#8221;||0px||false|false&#8221; custom_padding=&#8221;|0px||0px|false|true&#8221; hover_enabled=&#8221;0&#8243; border_width_all=&#8221;0px&#8221; border_width_bottom=&#8221;2px&#8221; border_color_bottom=&#8221;#096591&#8243; global_colors_info=&#8221;{%22gcid-53054839-b83d-4ef0-8659-8a010e6148fd%22:%91%22body_text_color%22%93}&#8221; sticky_enabled=&#8221;0&#8243;]Access a library of online resources, including articles, guides, videos, and webinars, to deepen your financial knowledge.<br \/>\n[\/et_pb_toggle][et_pb_toggle title=&#8221;Individual coaching&#8221; open_toggle_text_color=&#8221;#000000&#8243; closed_toggle_background_color=&#8221;RGBA(255,255,255,0)&#8221; icon_color=&#8221;#096591&#8243; toggle_icon=&#8221;&#x4c;||divi||400&#8243; use_icon_font_size=&#8221;on&#8221; icon_font_size=&#8221;30px&#8221; open_icon_color=&#8221;#096591&#8243; open_toggle_icon=&#8221;&#x4b;||divi||400&#8243; open_use_icon_font_size=&#8221;on&#8221; open_icon_font_size=&#8221;30px&#8221; _builder_version=&#8221;4.25.2&#8243; _module_preset=&#8221;default&#8221; title_text_color=&#8221;#000000&#8243; title_level=&#8221;h3&#8243; body_text_color=&#8221;gcid-53054839-b83d-4ef0-8659-8a010e6148fd&#8221; body_font_size=&#8221;16px&#8221; custom_margin=&#8221;||0px||false|false&#8221; custom_padding=&#8221;|0px||0px|false|true&#8221; hover_enabled=&#8221;0&#8243; border_width_all=&#8221;0px&#8221; border_width_bottom=&#8221;2px&#8221; border_color_bottom=&#8221;#096591&#8243; global_colors_info=&#8221;{%22gcid-53054839-b83d-4ef0-8659-8a010e6148fd%22:%91%22body_text_color%22%93}&#8221; sticky_enabled=&#8221;0&#8243;]We offer individual financial coaching sessions to answer your specific questions and guide you in managing your personal finances.<br \/>\n[\/et_pb_toggle][et_pb_toggle title=&#8221;Newsletters&#8221; open_toggle_text_color=&#8221;#000000&#8243; closed_toggle_background_color=&#8221;RGBA(255,255,255,0)&#8221; icon_color=&#8221;#096591&#8243; toggle_icon=&#8221;&#x4c;||divi||400&#8243; use_icon_font_size=&#8221;on&#8221; icon_font_size=&#8221;30px&#8221; open_icon_color=&#8221;#096591&#8243; open_toggle_icon=&#8221;&#x4b;||divi||400&#8243; open_use_icon_font_size=&#8221;on&#8221; open_icon_font_size=&#8221;30px&#8221; _builder_version=&#8221;4.25.2&#8243; _module_preset=&#8221;default&#8221; title_text_color=&#8221;#000000&#8243; title_level=&#8221;h3&#8243; body_text_color=&#8221;gcid-53054839-b83d-4ef0-8659-8a010e6148fd&#8221; body_font_size=&#8221;16px&#8221; custom_margin=&#8221;||0px||false|false&#8221; custom_padding=&#8221;|0px||0px|false|true&#8221; hover_enabled=&#8221;0&#8243; border_width_all=&#8221;0px&#8221; border_width_bottom=&#8221;2px&#8221; border_color_bottom=&#8221;#096591&#8243; global_colors_info=&#8221;{%22gcid-53054839-b83d-4ef0-8659-8a010e6148fd%22:%91%22body_text_color%22%93}&#8221; sticky_enabled=&#8221;0&#8243;] Receive our regular newsletters, filled with market analysis, investment advice, and updates on financial trends.<br \/>\n[\/et_pb_toggle][et_pb_toggle title=&#8221;Youth education programs&#8221; open_toggle_text_color=&#8221;#000000&#8243; closed_toggle_background_color=&#8221;RGBA(255,255,255,0)&#8221; icon_color=&#8221;#096591&#8243; toggle_icon=&#8221;&#x4c;||divi||400&#8243; use_icon_font_size=&#8221;on&#8221; icon_font_size=&#8221;30px&#8221; open_icon_color=&#8221;#096591&#8243; open_toggle_icon=&#8221;&#x4b;||divi||400&#8243; open_use_icon_font_size=&#8221;on&#8221; open_icon_font_size=&#8221;30px&#8221; _builder_version=&#8221;4.25.2&#8243; _module_preset=&#8221;default&#8221; title_text_color=&#8221;#000000&#8243; title_level=&#8221;h3&#8243; title_line_height=&#8221;1.3em&#8221; body_text_color=&#8221;gcid-53054839-b83d-4ef0-8659-8a010e6148fd&#8221; body_font_size=&#8221;16px&#8221; custom_margin=&#8221;||0px||false|false&#8221; custom_padding=&#8221;|0px||0px|false|true&#8221; hover_enabled=&#8221;0&#8243; border_width_all=&#8221;0px&#8221; border_width_bottom=&#8221;2px&#8221; border_color_bottom=&#8221;#096591&#8243; global_colors_info=&#8221;{%22gcid-53054839-b83d-4ef0-8659-8a010e6148fd%22:%91%22body_text_color%22%93}&#8221; sticky_enabled=&#8221;0&#8243;]We offer educational programs specifically designed for young people, helping them build a solid understanding of financial concepts from the start.[\/et_pb_toggle][\/et_pb_column][\/et_pb_row][\/et_pb_section][et_pb_section fb_built=&#8221;1&#8243; admin_label=&#8221;Split Section&#8221; _builder_version=&#8221;4.16&#8243; custom_padding=&#8221;0px||0px|&#8221; animation_style=&#8221;fold&#8221; animation_direction=&#8221;bottom&#8221; animation_intensity_fold=&#8221;4%&#8221; global_colors_info=&#8221;{}&#8221;][et_pb_row column_structure=&#8221;1_2,1_2&#8243; use_custom_gutter=&#8221;on&#8221; gutter_width=&#8221;1&#8243; make_equal=&#8221;on&#8221; module_class=&#8221; et_pb_row_fullwidth&#8221; _builder_version=&#8221;4.25.2&#8243; background_size=&#8221;initial&#8221; background_position=&#8221;top_left&#8221; background_repeat=&#8221;repeat&#8221; width=&#8221;100%&#8221; width_tablet=&#8221;100%&#8221; width_phone=&#8221;100%&#8221; width_last_edited=&#8221;on|desktop&#8221; max_width=&#8221;100%&#8221; max_width_tablet=&#8221;100%&#8221; max_width_phone=&#8221;100%&#8221; max_width_last_edited=&#8221;on|desktop&#8221; custom_margin=&#8221;0px||0px|&#8221; custom_padding=&#8221;0px||0px|&#8221; make_fullwidth=&#8221;on&#8221; global_colors_info=&#8221;{}&#8221;][et_pb_column type=&#8221;1_2&#8243; _builder_version=&#8221;4.25.2&#8243; use_background_color_gradient=&#8221;on&#8221; background_image=&#8221;https:\/\/awap-am.ch\/wp-content\/uploads\/2024\/08\/AWAP_education-scaled.jpg&#8221; background_position=&#8221;top_left&#8221; custom_padding=&#8221;|||&#8221; global_colors_info=&#8221;{}&#8221; custom_padding__hover=&#8221;|||&#8221;][et_pb_image src=&#8221;https:\/\/awap-am.ch\/wp-content\/uploads\/2024\/08\/AWAP_education-scaled.jpg&#8221; title_text=&#8221;AWAP_education&#8221; force_fullwidth=&#8221;on&#8221; disabled_on=&#8221;off|off|on&#8221; _builder_version=&#8221;4.25.2&#8243; _module_preset=&#8221;default&#8221; global_colors_info=&#8221;{}&#8221;][\/et_pb_image][\/et_pb_column][et_pb_column type=&#8221;1_2&#8243; _builder_version=&#8221;4.16&#8243; background_color=&#8221;#f4f4f4&#8243; background_position=&#8221;top_left&#8221; custom_padding=&#8221;8%|6%|8%|6%&#8221; global_colors_info=&#8221;{}&#8221; custom_padding__hover=&#8221;|||&#8221;][et_pb_divider color=&#8221;#096591&#8243; divider_weight=&#8221;3px&#8221; disabled_on=&#8221;off|off|off&#8221; _builder_version=&#8221;4.25.2&#8243; background_color_gradient_direction=&#8221;90deg&#8221; max_width=&#8221;100px&#8221; module_alignment=&#8221;left&#8221; height=&#8221;5px&#8221; custom_margin=&#8221;||20px|&#8221; custom_padding=&#8221;||20px|&#8221; animation_style=&#8221;slide&#8221; animation_direction=&#8221;bottom&#8221; saved_tabs=&#8221;all&#8221; locked=&#8221;off&#8221; global_colors_info=&#8221;{}&#8221;][\/et_pb_divider][et_pb_cta title=&#8221;Contact us to find out more&#8221; button_url=&#8221;@ET-DC@eyJkeW5hbWljIjp0cnVlLCJjb250ZW50IjoicG9zdF9saW5rX3VybF9wYWdlIiwic2V0dGluZ3MiOnsicG9zdF9pZCI6IjQ1In19@&#8221; button_text=&#8221;learn more&#8221; admin_label=&#8221;Feature 01&#8243; _builder_version=&#8221;4.25.2&#8243; _dynamic_attributes=&#8221;button_url&#8221; header_font=&#8221;Montserrat||||&#8221; header_text_color=&#8221;#1f1f1f&#8221; header_font_size=&#8221;36&#8243; header_line_height=&#8221;1.4em&#8221; body_font_size=&#8221;16&#8243; body_line_height=&#8221;1.9em&#8221; use_background_color=&#8221;off&#8221; custom_button=&#8221;on&#8221; button_text_size=&#8221;16px&#8221; button_text_color=&#8221;#ffffff&#8221; button_bg_color=&#8221;#096591&#8243; button_border_color=&#8221;#096591&#8243; button_border_radius=&#8221;0&#8243; button_letter_spacing=&#8221;2&#8243; button_font=&#8221;Montserrat|||on|&#8221; button_use_icon=&#8221;off&#8221; text_orientation=&#8221;left&#8221; background_layout=&#8221;light&#8221; max_width=&#8221;450px&#8221; module_alignment=&#8221;left&#8221; custom_margin=&#8221;|||&#8221; custom_padding=&#8221;|||&#8221; animation_style=&#8221;fold&#8221; animation_direction=&#8221;bottom&#8221; animation_intensity_fold=&#8221;15%&#8221; hover_enabled=&#8221;0&#8243; button_text_color_hover=&#8221;#6eba01&#8243; button_border_color_hover=&#8221;#6eba01&#8243; button_border_radius_hover=&#8221;0&#8243; button_letter_spacing_hover=&#8221;2&#8243; button_bg_color_hover=&#8221;rgba(0,0,0,0)&#8221; saved_tabs=&#8221;all&#8221; locked=&#8221;off&#8221; global_colors_info=&#8221;{}&#8221; button_text_size__hover_enabled=&#8221;off&#8221; button_one_text_size__hover_enabled=&#8221;off&#8221; button_two_text_size__hover_enabled=&#8221;off&#8221; button_text_color__hover_enabled=&#8221;on|desktop&#8221; button_text_color__hover=&#8221;#096591&#8243; button_one_text_color__hover_enabled=&#8221;off&#8221; button_two_text_color__hover_enabled=&#8221;off&#8221; button_border_width__hover_enabled=&#8221;off&#8221; button_one_border_width__hover_enabled=&#8221;off&#8221; button_two_border_width__hover_enabled=&#8221;off&#8221; button_border_color__hover_enabled=&#8221;on|desktop&#8221; button_border_color__hover=&#8221;#096591&#8243; button_one_border_color__hover_enabled=&#8221;off&#8221; button_two_border_color__hover_enabled=&#8221;off&#8221; button_border_radius__hover_enabled=&#8221;on&#8221; button_border_radius__hover=&#8221;0&#8243; button_one_border_radius__hover_enabled=&#8221;off&#8221; button_two_border_radius__hover_enabled=&#8221;off&#8221; button_letter_spacing__hover_enabled=&#8221;on&#8221; button_letter_spacing__hover=&#8221;2&#8243; button_one_letter_spacing__hover_enabled=&#8221;off&#8221; button_two_letter_spacing__hover_enabled=&#8221;off&#8221; button_bg_color__hover_enabled=&#8221;on|desktop&#8221; button_bg_color__hover=&#8221;rgba(0,0,0,0)&#8221; button_one_bg_color__hover_enabled=&#8221;off&#8221; button_two_bg_color__hover_enabled=&#8221;off&#8221; sticky_enabled=&#8221;0&#8243;][\/et_pb_cta][\/et_pb_column][\/et_pb_row][\/et_pb_section][et_pb_section fb_built=&#8221;1&#8243; _builder_version=&#8221;4.25.2&#8243; _module_preset=&#8221;default&#8221; global_colors_info=&#8221;{}&#8221;][et_pb_row _builder_version=&#8221;4.25.2&#8243; _module_preset=&#8221;default&#8221; global_colors_info=&#8221;{}&#8221;][et_pb_column type=&#8221;4_4&#8243; _builder_version=&#8221;4.25.2&#8243; _module_preset=&#8221;default&#8221; global_colors_info=&#8221;{}&#8221;][et_pb_heading title=&#8221;D&#8217;autres services&#8221; _builder_version=&#8221;4.25.2&#8243; _module_preset=&#8221;_initial&#8221; global_colors_info=&#8221;{}&#8221;][\/et_pb_heading][\/et_pb_column][\/et_pb_row][et_pb_row column_structure=&#8221;1_3,1_3,1_3&#8243; use_custom_gutter=&#8221;on&#8221; gutter_width=&#8221;2&#8243; make_equal=&#8221;on&#8221; _builder_version=&#8221;4.25.2&#8243; custom_padding=&#8221;||0px||false|false&#8221; animation_direction=&#8221;right&#8221; locked=&#8221;off&#8221; global_colors_info=&#8221;{}&#8221;][et_pb_column type=&#8221;1_3&#8243; _builder_version=&#8221;4.25.2&#8243; background_color=&#8221;gcid-11555833-bcab-431e-8d94-b3b6362169ad&#8221; global_colors_info=&#8221;{%22gcid-11555833-bcab-431e-8d94-b3b6362169ad%22:%91%22background_color%22%93}&#8221;][et_pb_image src=&#8221;https:\/\/awap-am.ch\/wp-content\/uploads\/2024\/08\/AWAP_1-scaled.jpg&#8221; title_text=&#8221;AWAP_1&#8243; force_fullwidth=&#8221;on&#8221; _builder_version=&#8221;4.25.2&#8243; _module_preset=&#8221;default&#8221; custom_margin=&#8221;||0px||false|false&#8221; locked=&#8221;off&#8221; global_colors_info=&#8221;{}&#8221;][\/et_pb_image][et_pb_blurb title=&#8221;Family Office&#8221; url=&#8221;@ET-DC@eyJkeW5hbWljIjp0cnVlLCJjb250ZW50IjoicG9zdF9saW5rX3VybF9wYWdlIiwic2V0dGluZ3MiOnsicG9zdF9pZCI6IjI4ODUwIn19@&#8221; use_icon=&#8221;on&#8221; font_icon=&#8221;&#xf080;||fa||400&#8243; icon_color=&#8221;#096591&#8243; icon_placement=&#8221;left&#8221; image_icon_width=&#8221;40px&#8221; content_max_width=&#8221;100%&#8221; module_class=&#8221;services_item&#8221; _builder_version=&#8221;4.25.2&#8243; _dynamic_attributes=&#8221;url&#8221; header_font=&#8221;|600||on|||||&#8221; header_text_align=&#8221;left&#8221; header_text_color=&#8221;#096591&#8243; header_line_height=&#8221;2.2em&#8221; body_font=&#8221;||||||||&#8221; body_text_align=&#8221;left&#8221; body_text_color=&#8221;#096591&#8243; body_line_height=&#8221;1.5em&#8221; background_color=&#8221;gcid-11555833-bcab-431e-8d94-b3b6362169ad&#8221; custom_padding=&#8221;35px|27px|35px|27px|true|true&#8221; animation=&#8221;off&#8221; image_max_width=&#8221;50px&#8221; locked=&#8221;off&#8221; global_colors_info=&#8221;{%22gcid-11555833-bcab-431e-8d94-b3b6362169ad%22:%91%22background_color%22,%22background_color%22%93}&#8221; background_color__hover=&#8221;#096591&#8243; background_enable_color__hover=&#8221;on&#8221; header_text_color__hover_enabled=&#8221;on|desktop&#8221; header_text_color__hover=&#8221;#FFFFFF&#8221; icon_color__hover_enabled=&#8221;on|hover&#8221; icon_color__hover=&#8221;#FFFFFF&#8221; body_text_color__hover_enabled=&#8221;on|desktop&#8221; body_text_color__hover=&#8221;#FFFFFF&#8221; background__hover_enabled=&#8221;on|desktop&#8221;]Notre approche Family Office est con\u00e7ue pour offrir une gestion de patrimoine compl\u00e8te et personnalis\u00e9e, adapt\u00e9e aux besoins uniques des familles fortun\u00e9es.[\/et_pb_blurb][\/et_pb_column][et_pb_column type=&#8221;1_3&#8243; _builder_version=&#8221;4.25.2&#8243; background_color=&#8221;gcid-11555833-bcab-431e-8d94-b3b6362169ad&#8221; global_colors_info=&#8221;{%22gcid-11555833-bcab-431e-8d94-b3b6362169ad%22:%91%22background_color%22%93}&#8221;][et_pb_image src=&#8221;https:\/\/awap-am.ch\/wp-content\/uploads\/2024\/08\/AWAP_risk-scaled.jpg&#8221; title_text=&#8221;AWAP_risk&#8221; force_fullwidth=&#8221;on&#8221; _builder_version=&#8221;4.25.2&#8243; _module_preset=&#8221;default&#8221; custom_margin=&#8221;||0px||false|false&#8221; locked=&#8221;off&#8221; global_colors_info=&#8221;{}&#8221;][\/et_pb_image][et_pb_blurb title=&#8221;Gestion d\u2019actif &#8221; url=&#8221;@ET-DC@eyJkeW5hbWljIjp0cnVlLCJjb250ZW50IjoicG9zdF9saW5rX3VybF9wYWdlIiwic2V0dGluZ3MiOnsicG9zdF9pZCI6IjI4ODUwIn19@&#8221; use_icon=&#8221;on&#8221; font_icon=&#8221;&#xe109;||divi||400&#8243; icon_color=&#8221;#096591&#8243; icon_placement=&#8221;left&#8221; image_icon_width=&#8221;40px&#8221; content_max_width=&#8221;100%&#8221; module_class=&#8221;services_item&#8221; _builder_version=&#8221;4.25.2&#8243; _dynamic_attributes=&#8221;url&#8221; header_font=&#8221;|600||on|||||&#8221; header_text_align=&#8221;left&#8221; header_text_color=&#8221;#096591&#8243; header_line_height=&#8221;2.2em&#8221; body_font=&#8221;||||||||&#8221; body_text_align=&#8221;left&#8221; body_text_color=&#8221;#096591&#8243; body_line_height=&#8221;1.5em&#8221; background_color=&#8221;gcid-11555833-bcab-431e-8d94-b3b6362169ad&#8221; custom_padding=&#8221;35px|27px|35px|27px|true|true&#8221; animation=&#8221;off&#8221; image_max_width=&#8221;50px&#8221; global_colors_info=&#8221;{%22gcid-11555833-bcab-431e-8d94-b3b6362169ad%22:%91%22background_color%22,%22background_color%22%93}&#8221; background_color__hover=&#8221;#096591&#8243; background_enable_color__hover=&#8221;on&#8221; header_text_color__hover_enabled=&#8221;on|desktop&#8221; header_text_color__hover=&#8221;#FFFFFF&#8221; icon_color__hover_enabled=&#8221;on|hover&#8221; icon_color__hover=&#8221;#FFFFFF&#8221; body_text_color__hover_enabled=&#8221;on|desktop&#8221; body_text_color__hover=&#8221;#FFFFFF&#8221; background__hover_enabled=&#8221;on|desktop&#8221;]<\/p>\n<p>La gestion d\u2019actif chez AAM repose sur une expertise approfondie et une approche rigoureuse pour maximiser la performance de vos investissements tout en minimisant les risques.<\/p>\n<p>[\/et_pb_blurb][\/et_pb_column][et_pb_column type=&#8221;1_3&#8243; _builder_version=&#8221;4.25.2&#8243; background_color=&#8221;gcid-11555833-bcab-431e-8d94-b3b6362169ad&#8221; global_colors_info=&#8221;{%22gcid-11555833-bcab-431e-8d94-b3b6362169ad%22:%91%22background_color%22%93}&#8221;][et_pb_image src=&#8221;https:\/\/awap-am.ch\/wp-content\/uploads\/2024\/08\/AWAP_prevoyance-scaled.jpg&#8221; title_text=&#8221;AWAP_prevoyance&#8221; force_fullwidth=&#8221;on&#8221; _builder_version=&#8221;4.25.2&#8243; _module_preset=&#8221;default&#8221; custom_margin=&#8221;||0px||false|false&#8221; locked=&#8221;off&#8221; global_colors_info=&#8221;{}&#8221;][\/et_pb_image][et_pb_blurb title=&#8221;Pr\u00e9voyance&#8221; use_icon=&#8221;on&#8221; font_icon=&#8221;&#xe0ed;||divi||400&#8243; icon_color=&#8221;#096591&#8243; icon_placement=&#8221;left&#8221; image_icon_width=&#8221;40px&#8221; content_max_width=&#8221;100%&#8221; module_class=&#8221;services_item&#8221; _builder_version=&#8221;4.25.2&#8243; header_font=&#8221;|600||on|||||&#8221; header_text_align=&#8221;left&#8221; header_text_color=&#8221;#096591&#8243; header_line_height=&#8221;2.2em&#8221; body_font=&#8221;||||||||&#8221; body_text_align=&#8221;left&#8221; body_text_color=&#8221;#096591&#8243; body_line_height=&#8221;1.5em&#8221; background_color=&#8221;gcid-11555833-bcab-431e-8d94-b3b6362169ad&#8221; custom_padding=&#8221;35px|27px|35px|27px|true|true&#8221; animation=&#8221;off&#8221; image_max_width=&#8221;50px&#8221; global_colors_info=&#8221;{%22gcid-11555833-bcab-431e-8d94-b3b6362169ad%22:%91%22background_color%22,%22background_color%22,%22background_color%22%93}&#8221; icon_color__hover=&#8221;#FFFFFF&#8221; icon_color__hover_enabled=&#8221;on|hover&#8221; header_text_color__hover=&#8221;#FFFFFF&#8221; header_text_color__hover_enabled=&#8221;on|desktop&#8221; background_color__hover=&#8221;#096591&#8243; background_enable_color__hover=&#8221;on&#8221; body_text_color__hover=&#8221;#FFFFFF&#8221; body_text_color__hover_enabled=&#8221;on|desktop&#8221; background__hover_enabled=&#8221;on|desktop&#8221;]<\/p>\n<p>Chez AAM, nous comprenons que chaque d\u00e9cision de vie, qu\u2019elle soit professionnelle, familiale ou financi\u00e8re, a un impact significatif sur votre s\u00e9curit\u00e9 financi\u00e8re future.<\/p>\n<p>[\/et_pb_blurb][\/et_pb_column][\/et_pb_row][\/et_pb_section]<\/p>\n","protected":false},"excerpt":{"rendered":"<p>At AAM, we believe that financial education is an essential pillar of success. We are committed to providing you with the knowledge and tools needed to make informed decisions:We regularly organize workshops and seminars on key financial topics, tailored to different levels of knowledge. Access a library of online resources, including articles, guides, videos, and webinars, to deepen your financial knowledge. We offer individual financial coaching sessions to answer your specific questions and guide you in managing your personal finances. Receive our regular newsletters, filled with market analysis, investment advice, and updates on financial trends. We offer educational programs specifically designed for young people, helping them build a solid understanding of financial concepts from the start.Notre approche Family Office est con\u00e7ue pour offrir une gestion de patrimoine compl\u00e8te et personnalis\u00e9e, adapt\u00e9e aux besoins uniques des familles fortun\u00e9es.La gestion d\u2019actif chez AAM repose sur une expertise approfondie et une approche rigoureuse pour maximiser la performance de vos investissements tout en minimisant les risques.Chez AAM, nous comprenons que chaque d\u00e9cision de vie, qu\u2019elle soit professionnelle, familiale ou financi\u00e8re, a un impact significatif sur votre s\u00e9curit\u00e9 financi\u00e8re future.<\/p>\n","protected":false},"author":1,"featured_media":0,"parent":71805,"menu_order":4,"comment_status":"closed","ping_status":"closed","template":"","meta":{"_et_pb_use_builder":"on","_et_pb_old_content":"<!-- wp:divi\/placeholder \/-->","_et_gb_content_width":"","footnotes":""},"class_list":["post-71810","page","type-page","status-publish","hentry"],"_links":{"self":[{"href":"https:\/\/awap-am.ch\/en\/wp-json\/wp\/v2\/pages\/71810","targetHints":{"allow":["GET"]}}],"collection":[{"href":"https:\/\/awap-am.ch\/en\/wp-json\/wp\/v2\/pages"}],"about":[{"href":"https:\/\/awap-am.ch\/en\/wp-json\/wp\/v2\/types\/page"}],"author":[{"embeddable":true,"href":"https:\/\/awap-am.ch\/en\/wp-json\/wp\/v2\/users\/1"}],"replies":[{"embeddable":true,"href":"https:\/\/awap-am.ch\/en\/wp-json\/wp\/v2\/comments?post=71810"}],"version-history":[{"count":3,"href":"https:\/\/awap-am.ch\/en\/wp-json\/wp\/v2\/pages\/71810\/revisions"}],"predecessor-version":[{"id":72298,"href":"https:\/\/awap-am.ch\/en\/wp-json\/wp\/v2\/pages\/71810\/revisions\/72298"}],"up":[{"embeddable":true,"href":"https:\/\/awap-am.ch\/en\/wp-json\/wp\/v2\/pages\/71805"}],"wp:attachment":[{"href":"https:\/\/awap-am.ch\/en\/wp-json\/wp\/v2\/media?parent=71810"}],"curies":[{"name":"wp","href":"https:\/\/api.w.org\/{rel}","templated":true}]}}